{"id":102,"date":"2021-09-27T23:24:07","date_gmt":"2021-09-27T23:24:07","guid":{"rendered":"https:\/\/master.themovation.com\/bellevue\/tinyhome\/?page_id=1719"},"modified":"2023-02-27T18:14:32","modified_gmt":"2023-02-27T17:14:32","slug":"contact","status":"publish","type":"page","link":"http:\/\/villa-marcam.com\/en\/pages\/contact\/","title":{"rendered":"Contact-us"},"content":{"rendered":"<div data-elementor-type=\"wp-page\" data-elementor-id=\"102\" class=\"elementor elementor-102\" data-elementor-post-type=\"page\">\n\t\t\t\t\t\t<section class=\"elementor-section elementor-top-section elementor-element elementor-element-1144de4d elementor-section-full_width elementor-section-height-default elementor-section-height-default\" data-id=\"1144de4d\" data-element_type=\"section\" data-e-type=\"section\" data-settings=\"{&quot;background_background&quot;:&quot;classic&quot;}\">\n\t\t\t\t\t\t<div class=\"elementor-container elementor-column-gap-no\">\n\t\t\t\t\t<div class=\"elementor-column elementor-col-50 elementor-top-column elementor-element elementor-element-2221632a\" data-id=\"2221632a\" data-element_type=\"column\" data-e-type=\"column\" data-settings=\"{&quot;background_background&quot;:&quot;classic&quot;}\">\n\t\t\t<div class=\"elementor-widget-wrap elementor-element-populated\">\n\t\t\t\t\t\t<div class=\"elementor-element elementor-element-4d21ae10 elementor-widget__width-initial elementor-widget-tablet__width-inherit elementor-widget-mobile__width-inherit elementor-view-default elementor-position-top elementor-widget elementor-widget-themo-header\" data-id=\"4d21ae10\" data-element_type=\"widget\" data-e-type=\"widget\" data-widget_type=\"themo-header.default\">\n\t\t\t\t<div class=\"elementor-widget-container\">\n\t\t\t\t\t\t\t<div class=\"th-header-wrap\">\n        <div class=\"elementor-icon-box-wrapper\">\n                            <div class=\"elementor-icon-box-content\">\n                    <h1 class=\"elementor-icon-box-title\">\n                        Contact-us                    <\/h1>\n                                        <p class=\"elementor-icon-box-description\"><\/p>\n\n                                    <\/div>\n            <\/div>\n\n        <\/div>\n\n\t\t\t\t\t\t<\/div>\n\t\t\t\t<\/div>\n\t\t\t\t<div class=\"elementor-element elementor-element-66b1da73 elementor-widget__width-initial elementor-widget-tablet__width-inherit elementor-widget-mobile__width-inherit elementor-widget elementor-widget-text-editor\" data-id=\"66b1da73\" data-element_type=\"widget\" data-e-type=\"widget\" data-widget_type=\"text-editor.default\">\n\t\t\t\t<div class=\"elementor-widget-container\">\n\t\t\t\t\t\t\t\t\t<p>You have questions ? Need information? Do not hesitate to send us an email and we will answer you with pleasure.<\/p><p>See you soon!<\/p><p>Margaux &amp; Camille<\/p>\t\t\t\t\t\t\t\t<\/div>\n\t\t\t\t<\/div>\n\t\t\t\t\t<\/div>\n\t\t<\/div>\n\t\t\t\t<div class=\"elementor-column elementor-col-50 elementor-top-column elementor-element elementor-element-2e7b338e elementor-hidden-phone\" data-id=\"2e7b338e\" data-element_type=\"column\" data-e-type=\"column\" data-settings=\"{&quot;background_background&quot;:&quot;classic&quot;}\">\n\t\t\t<div class=\"elementor-widget-wrap elementor-element-populated\">\n\t\t\t\t\t\t\t<\/div>\n\t\t<\/div>\n\t\t\t\t\t<\/div>\n\t\t<\/section>\n\t\t\t\t<section class=\"elementor-section elementor-top-section elementor-element elementor-element-35fe067 elementor-section-boxed elementor-section-height-default elementor-section-height-default\" data-id=\"35fe067\" data-element_type=\"section\" data-e-type=\"section\">\n\t\t\t\t\t\t<div class=\"elementor-container elementor-column-gap-default\">\n\t\t\t\t\t<div class=\"elementor-column elementor-col-100 elementor-top-column elementor-element elementor-element-a2b49a2\" data-id=\"a2b49a2\" data-element_type=\"column\" data-e-type=\"column\">\n\t\t\t<div class=\"elementor-widget-wrap\">\n\t\t\t\t\t\t\t<\/div>\n\t\t<\/div>\n\t\t\t\t\t<\/div>\n\t\t<\/section>\n\t\t\t\t<\/div>","protected":false},"excerpt":{"rendered":"<p>Contactez-nous Vous avez des questions ? Besoin de renseignements ? N&rsquo;h\u00e9sitez pas \u00e0 nous envoyer un email et nous vous r\u00e9pondrons avec plaisir. A bient\u00f4t ! Margaux &amp; Camille<\/p>","protected":false},"author":1,"featured_media":0,"parent":94,"menu_order":11,"comment_status":"closed","ping_status":"closed","template":"","meta":{"footnotes":""},"class_list":["post-102","page","type-page","status-publish","hentry"],"yoast_head":"<!-- This site is optimized with the Yoast SEO Premium plugin v20.5 (Yoast SEO v27.5) - https:\/\/yoast.com\/product\/yoast-seo-premium-wordpress\/ -->\n<title>Contactez-nous - Villa Marcam<\/title>\n<meta name=\"robots\" content=\"index, follow, max-snippet:-1, max-image-preview:large, max-video-preview:-1\" \/>\n<link rel=\"canonical\" href=\"https:\/\/villa-marcam.com\/en\/pages\/contact\/\" \/>\n<meta property=\"og:locale\" content=\"en_GB\" \/>\n<meta property=\"og:type\" content=\"article\" \/>\n<meta property=\"og:title\" content=\"Contactez-nous\" \/>\n<meta property=\"og:description\" content=\"Contactez-nous Vous avez des questions ? Besoin de renseignements ? N&rsquo;h\u00e9sitez pas \u00e0 nous envoyer un email et nous vous r\u00e9pondrons avec plaisir. A bient\u00f4t ! Margaux &amp; Camille\" \/>\n<meta property=\"og:url\" content=\"https:\/\/villa-marcam.com\/en\/pages\/contact\/\" \/>\n<meta property=\"og:site_name\" content=\"Villa Marcam\" \/>\n<meta property=\"article:modified_time\" content=\"2023-02-27T17:14:32+00:00\" \/>\n<meta property=\"og:image\" content=\"https:\/\/villa-marcam.com\/wp-content\/uploads\/2022\/02\/Villa-Marcam-Sanary-sur-Mer-11-2021-06-scaled.jpg\" \/>\n\t<meta property=\"og:image:width\" content=\"2560\" \/>\n\t<meta property=\"og:image:height\" content=\"1708\" \/>\n\t<meta property=\"og:image:type\" content=\"image\/jpeg\" \/>\n<meta name=\"twitter:card\" content=\"summary_large_image\" \/>\n<meta name=\"twitter:label1\" content=\"Estimated reading time\" \/>\n\t<meta name=\"twitter:data1\" content=\"1 minute\" \/>\n<script type=\"application\/ld+json\" class=\"yoast-schema-graph\">{\"@context\":\"https:\\\/\\\/schema.org\",\"@graph\":[{\"@type\":\"WebPage\",\"@id\":\"https:\\\/\\\/villa-marcam.com\\\/pages\\\/contact\\\/\",\"url\":\"https:\\\/\\\/villa-marcam.com\\\/pages\\\/contact\\\/\",\"name\":\"Contactez-nous - Villa Marcam\",\"isPartOf\":{\"@id\":\"https:\\\/\\\/villa-marcam.com\\\/#website\"},\"datePublished\":\"2021-09-27T23:24:07+00:00\",\"dateModified\":\"2023-02-27T17:14:32+00:00\",\"breadcrumb\":{\"@id\":\"https:\\\/\\\/villa-marcam.com\\\/pages\\\/contact\\\/#breadcrumb\"},\"inLanguage\":\"en-GB\",\"potentialAction\":[{\"@type\":\"ReadAction\",\"target\":[\"https:\\\/\\\/villa-marcam.com\\\/pages\\\/contact\\\/\"]}]},{\"@type\":\"BreadcrumbList\",\"@id\":\"https:\\\/\\\/villa-marcam.com\\\/pages\\\/contact\\\/#breadcrumb\",\"itemListElement\":[{\"@type\":\"ListItem\",\"position\":1,\"name\":\"Accueil\",\"item\":\"https:\\\/\\\/villa-marcam.com\\\/fr_fr\\\/\"},{\"@type\":\"ListItem\",\"position\":2,\"name\":\"Pages\",\"item\":\"https:\\\/\\\/villa-marcam.com\\\/?page_id=94\"},{\"@type\":\"ListItem\",\"position\":3,\"name\":\"Contactez-nous\"}]},{\"@type\":\"WebSite\",\"@id\":\"https:\\\/\\\/villa-marcam.com\\\/#website\",\"url\":\"https:\\\/\\\/villa-marcam.com\\\/\",\"name\":\"Villa Marcam\",\"description\":\"Location saisonni\u00e8re \u00e0 Sanary sur Mer dans le Sud de la France\",\"potentialAction\":[{\"@type\":\"SearchAction\",\"target\":{\"@type\":\"EntryPoint\",\"urlTemplate\":\"https:\\\/\\\/villa-marcam.com\\\/?s={search_term_string}\"},\"query-input\":{\"@type\":\"PropertyValueSpecification\",\"valueRequired\":true,\"valueName\":\"search_term_string\"}}],\"inLanguage\":\"en-GB\"}]}<\/script>\n<!-- \/ Yoast SEO Premium plugin. -->","yoast_head_json":{"title":"Contactez-nous - Villa Marcam","robots":{"index":"index","follow":"follow","max-snippet":"max-snippet:-1","max-image-preview":"max-image-preview:large","max-video-preview":"max-video-preview:-1"},"canonical":"https:\/\/villa-marcam.com\/en\/pages\/contact\/","og_locale":"en_GB","og_type":"article","og_title":"Contactez-nous","og_description":"Contactez-nous Vous avez des questions ? Besoin de renseignements ? N&rsquo;h\u00e9sitez pas \u00e0 nous envoyer un email et nous vous r\u00e9pondrons avec plaisir. A bient\u00f4t ! Margaux &amp; Camille","og_url":"https:\/\/villa-marcam.com\/en\/pages\/contact\/","og_site_name":"Villa Marcam","article_modified_time":"2023-02-27T17:14:32+00:00","og_image":[{"width":2560,"height":1708,"url":"https:\/\/villa-marcam.com\/wp-content\/uploads\/2022\/02\/Villa-Marcam-Sanary-sur-Mer-11-2021-06-scaled.jpg","type":"image\/jpeg"}],"twitter_card":"summary_large_image","twitter_misc":{"Estimated reading time":"1 minute"},"schema":{"@context":"https:\/\/schema.org","@graph":[{"@type":"WebPage","@id":"https:\/\/villa-marcam.com\/pages\/contact\/","url":"https:\/\/villa-marcam.com\/pages\/contact\/","name":"Contactez-nous - Villa Marcam","isPartOf":{"@id":"https:\/\/villa-marcam.com\/#website"},"datePublished":"2021-09-27T23:24:07+00:00","dateModified":"2023-02-27T17:14:32+00:00","breadcrumb":{"@id":"https:\/\/villa-marcam.com\/pages\/contact\/#breadcrumb"},"inLanguage":"en-GB","potentialAction":[{"@type":"ReadAction","target":["https:\/\/villa-marcam.com\/pages\/contact\/"]}]},{"@type":"BreadcrumbList","@id":"https:\/\/villa-marcam.com\/pages\/contact\/#breadcrumb","itemListElement":[{"@type":"ListItem","position":1,"name":"Accueil","item":"https:\/\/villa-marcam.com\/fr_fr\/"},{"@type":"ListItem","position":2,"name":"Pages","item":"https:\/\/villa-marcam.com\/?page_id=94"},{"@type":"ListItem","position":3,"name":"Contactez-nous"}]},{"@type":"WebSite","@id":"https:\/\/villa-marcam.com\/#website","url":"https:\/\/villa-marcam.com\/","name":"Villa Marcam","description":"Location saisonni\u00e8re \u00e0 Sanary sur Mer dans le Sud de la France","potentialAction":[{"@type":"SearchAction","target":{"@type":"EntryPoint","urlTemplate":"https:\/\/villa-marcam.com\/?s={search_term_string}"},"query-input":{"@type":"PropertyValueSpecification","valueRequired":true,"valueName":"search_term_string"}}],"inLanguage":"en-GB"}]}},"_links":{"self":[{"href":"http:\/\/villa-marcam.com\/en\/wp-json\/wp\/v2\/pages\/102","targetHints":{"allow":["GET"]}}],"collection":[{"href":"http:\/\/villa-marcam.com\/en\/wp-json\/wp\/v2\/pages"}],"about":[{"href":"http:\/\/villa-marcam.com\/en\/wp-json\/wp\/v2\/types\/page"}],"author":[{"embeddable":true,"href":"http:\/\/villa-marcam.com\/en\/wp-json\/wp\/v2\/users\/1"}],"replies":[{"embeddable":true,"href":"http:\/\/villa-marcam.com\/en\/wp-json\/wp\/v2\/comments?post=102"}],"version-history":[{"count":32,"href":"http:\/\/villa-marcam.com\/en\/wp-json\/wp\/v2\/pages\/102\/revisions"}],"predecessor-version":[{"id":2423,"href":"http:\/\/villa-marcam.com\/en\/wp-json\/wp\/v2\/pages\/102\/revisions\/2423"}],"up":[{"embeddable":true,"href":"http:\/\/villa-marcam.com\/en\/wp-json\/wp\/v2\/pages\/94"}],"wp:attachment":[{"href":"http:\/\/villa-marcam.com\/en\/wp-json\/wp\/v2\/media?parent=102"}],"curies":[{"name":"wp","href":"https:\/\/api.w.org\/{rel}","templated":true}]}}